{"id":980,"date":"2022-08-04T10:49:45","date_gmt":"2022-08-04T10:49:45","guid":{"rendered":"https:\/\/pitbullspins.com\/fi\/?page_id=980"},"modified":"2023-03-22T20:14:59","modified_gmt":"2023-03-22T20:14:59","slug":"tietoa-meista","status":"publish","type":"page","link":"https:\/\/slotsband.com\/fi\/tietoa-meista\/","title":{"rendered":"Tietoa meist\u00e4"},"content":{"rendered":"\n<p>SlotsBand on vuonna 2022 avattu kumppanuusmarkkinointiin perustuva sivusto. Meid\u00e4n tavoitteenamme on helpottaa turvallisen ja laadukkaan nettikasinon etsint\u00e4\u00e4. Miksi tuhlata kallisarvoista aikaa itse, kun voit luottaa meid\u00e4n apuumme?<\/p>\n\n\n\n<p>Vaikka sivustomme on kohtalaisen nuori, ei tiimist\u00e4mme puutu kokemusta. Meill\u00e4 on yli kymmenen vuoden kokemus rahapelialalta (iGaming) sek\u00e4 kumppanuusmarkkinoinnista.<\/p>\n\n\n\n<p>Haluamme omalla toiminnallamme varmistaa, ett\u00e4 jokainen suomalainen nettikasinoista kiinnostunut l\u00f6yt\u00e4\u00e4 turvallisen paikan pelaamiselle.<\/p>\n\n\n\n<h2 class=\"wp-block-heading\"><strong>SlotsBand kannattaa vastuullista, turvallista ja l\u00e4pin\u00e4kyv\u00e4\u00e4 nettipelaamista<\/strong><\/h2>\n\n\n\n<p>Meid\u00e4n mielest\u00e4mme turvallisuus on avainasemassa rahapelien suhteen. Meid\u00e4n kauttamme l\u00f6yd\u00e4t ainoastaan lisensoituja nettikasinoita. Asianmukainen lisenssi takaa turvallisen paikan nettipelaamiselle.<\/p>\n\n\n\n<p>Jokainen SlotsBand.comista l\u00f6ytyv\u00e4 nettikasino noudattaa my\u00f6s vastuullisen pelaamisen perusperiaatteita. Liiallista pelaamista voi aina halutessaan rajoittaa.<\/p>\n\n\n\n<p>L\u00e4pin\u00e4kyv\u00e4n toiminnan kulmakiven\u00e4 on julkiset kommentit, joita lukijamme (eli sin\u00e4) voi j\u00e4tt\u00e4\u00e4 esimerkiksi kasinoarvostelun per\u00e4\u00e4n. Kaikki asialliset kommentit julkaistaan, olipa ne risuja tai ruusuja.<\/p>\n\n\n\n<h2 class=\"wp-block-heading\"><a><\/a><strong>Yhteisty\u00f6kumppaneitamme<\/strong><\/h2>\n\n\n\n<p>SlotsBand tekee yhteisty\u00f6t\u00e4 kymmenien pelialan yritysten kanssa. Moni kumppaneistamme on p\u00f6rssilistattuja yrityksi\u00e4. Alla on pari suurta yhteisty\u00f6kumppanimme:<\/p>\n\n\n\n<ul class=\"wp-block-list\">\n<li><strong>Rootz Ltd.<\/strong> \u2013 Yksi Euroopan suurimmista rahapelialan yrityksist\u00e4.<\/li>\n<\/ul>\n\n\n\n<p>Yritystunnus: C83903<\/p>\n\n\n\n<p>Osoite: Ewropa Business Centre, Dun Karm Street, Level 3 \u2013 701, Birkirkara, BKR 9034, Malta<\/p>\n\n\n\n<ul class=\"wp-block-list\">\n<li><strong>Aspire Global International Ltd.<\/strong> \u2013 Maltalla toimiva kasinoalan megayhti\u00f6.<\/li>\n<\/ul>\n\n\n\n<p>Yritystunnus: C44319<\/p>\n\n\n\n<p>Osoite: 135, High street, Sliema SLM 1548, Malta<\/p>\n\n\n\n<h2 class=\"wp-block-heading\"><a><\/a><strong>Mit\u00e4 kumppanuusmarkkinointi on?<\/strong><\/h2>\n\n\n\n<p>SlotsBand.comin perustana on kumppanuusmarkkinointi, eli affiliate-markkinointi. Voimme saada pienen komission nettikasinolta, jos k\u00e4yt\u00e4t pelaamisessa meid\u00e4n tarjoamia linkkej\u00e4.<\/p>\n\n\n\n<p>Meid\u00e4n sivustomme on pelaajalle, eli sinulle 100 % ilmainen.<\/p>\n\n\n\n<p>Koska toimintamme pohjautuu informatiivisen sis\u00e4ll\u00f6n luomiseen sek\u00e4 markkinointiin, emme tarjoa oikean rahan pelej\u00e4 SlotsBand.comissa. Voit kuitenkin lukea puolueettomia arvosteluja uusista kolikkopeleist\u00e4.<\/p>\n\n\n\n<p>Painotamme, ett\u00e4 jokainen yhteisty\u00f6kumppanimme on lisensoitu asianmukaisella tavalla \u2013 ja t\u00e4ten kaikkia kyseisen maan lakeja noudatetaan. Mik\u00e4li jokin nettikasino j\u00e4\u00e4 kiinni laittomasta toiminnasta, tullaan se poistamaan v\u00e4litt\u00f6m\u00e4sti SlotsBand.comista.<\/p>\n\n\n\n<p>Pidet\u00e4\u00e4n homma reiluna ja l\u00e4pin\u00e4kyv\u00e4n\u00e4. T\u00e4m\u00e4n takia my\u00f6s toivomme, ett\u00e4 ilmoitatte meille aina nettikasinoiden puutteista tai ep\u00e4reilusta toiminnasta.<\/p>\n\n\n\n<h2 class=\"wp-block-heading\"><strong>SlotsBand.comin arvot, missio &amp; strategia<\/strong><\/h2>\n\n\n\n<p>SlotsBand.comin tavoitteena on olla markkinoiden paras kasino-opas suomalaisille pelaajille, ja nettipelaamisesta kiinnostuneille.<\/p>\n\n\n\n<p>Pyrimme tarjoamaan oikeasti hy\u00f6dyllist\u00e4 tietoa nettikasinoista, kasinopeleist\u00e4 sek\u00e4 pelialan ajankohtaisista asioista. Meid\u00e4n ei tarvitse kehua yht\u00e4k\u00e4\u00e4n nettikasinoa \u2013 ja t\u00e4m\u00e4n takia meid\u00e4n kasinoarvostelut ovat rehellisi\u00e4 ja puolueettomia.<\/p>\n\n\n\n<p><strong>Meid\u00e4n t\u00e4rkeimm\u00e4t arvot:<\/strong><\/p>\n\n\n\n<ul class=\"wp-block-list\">\n<li><strong>Turvallisuus \u2013 <\/strong>jokainen SlotsBand.comista l\u00f6ytyv\u00e4t nettikasino on lisensoitu.<\/li>\n\n\n\n<li><strong>Vastuullisuus \u2013 <\/strong>pyrimme toiminnallamme edist\u00e4m\u00e4\u00e4n vastuullista pelaamista.<\/li>\n\n\n\n<li><strong>Innovatiivisuus \u2013 <\/strong>tuotamme p\u00e4ivitt\u00e4in ajankohtaista informaatiota lukijoillemme.<\/li>\n\n\n\n<li><strong>L\u00e4pin\u00e4kyvyys \u2013 <\/strong>pyrimme luomaan sis\u00e4lt\u00f6 mahdollisimman l\u00e4pin\u00e4kyv\u00e4sti ja helposti luettavassa muodossa.<\/li>\n\n\n\n<li><strong>Rehellisyys \u2013 <\/strong>jokainen kasinoarvostelu kirjoitetaan puolueettomasti, eli meill\u00e4 ei ole eturistiriitaa yhdenk\u00e4\u00e4n nettikasinon kanssa.<\/li>\n<\/ul>\n\n\n\n<h2 class=\"wp-block-heading\"><a><\/a><strong>Ota yhteytt\u00e4<\/strong><\/h2>\n\n\n\n<p>Voit koska tahansa laittaa meille viesti\u00e4 s\u00e4hk\u00f6postilla osoitteeseen: <a href=\"mailto:info@casinogorilla.com\"><u>info@slotsband.com<\/u><\/a>.<\/p>\n\n\n\n<p>Otamme mielell\u00e4mme vastaan kehitysehdotuksia, positiivista palautetta sek\u00e4 mit\u00e4 tahansa kysymyksi\u00e4 sivustoomme liittyen!<\/p>\n","protected":false},"excerpt":{"rendered":"<p>SlotsBand on vuonna 2022 avattu kumppanuusmarkkinointiin perustuva sivusto. Meid\u00e4n tavoitteenamme on helpottaa turvallisen ja laadukkaan nettikasinon etsint\u00e4\u00e4. Miksi tuhlata kallisarvoista aikaa itse, kun voit luottaa meid\u00e4n apuumme? Vaikka sivustomme on kohtalaisen nuori, ei tiimist\u00e4mme puutu kokemusta. Meill\u00e4 on yli kymmenen vuoden kokemus rahapelialalta (iGaming) sek\u00e4 kumppanuusmarkkinoinnista. Haluamme omalla toiminnallamme varmistaa, ett\u00e4 jokainen suomalainen nettikasinoista kiinnostunut [&hellip;]<\/p>\n","protected":false},"author":1,"featured_media":0,"parent":0,"menu_order":0,"comment_status":"closed","ping_status":"closed","template":"","meta":{"_acf_changed":false,"_lmt_disableupdate":"","_lmt_disable":"","footnotes":""},"class_list":["post-980","page","type-page","status-publish","hentry"],"acf":[],"yoast_head":"<!-- This site is optimized with the Yoast SEO plugin v23.3 - https:\/\/yoast.com\/wordpress\/plugins\/seo\/ -->\n<title>Tietoa meist\u00e4 - SlotsBand.com Suomi<\/title>\n<meta name=\"robots\" content=\"index, follow, max-snippet:-1, max-image-preview:large, max-video-preview:-1\" \/>\n<link rel=\"canonical\" href=\"https:\/\/slotsband.com\/fi\/tietoa-meista\/\" \/>\n<meta property=\"og:locale\" content=\"fi_FI\" \/>\n<meta property=\"og:type\" content=\"article\" \/>\n<meta property=\"og:title\" content=\"Tietoa meist\u00e4 - SlotsBand.com Suomi\" \/>\n<meta property=\"og:description\" content=\"SlotsBand on vuonna 2022 avattu kumppanuusmarkkinointiin perustuva sivusto. Meid\u00e4n tavoitteenamme on helpottaa turvallisen ja laadukkaan nettikasinon etsint\u00e4\u00e4. Miksi tuhlata kallisarvoista aikaa itse, kun voit luottaa meid\u00e4n apuumme? Vaikka sivustomme on kohtalaisen nuori, ei tiimist\u00e4mme puutu kokemusta. Meill\u00e4 on yli kymmenen vuoden kokemus rahapelialalta (iGaming) sek\u00e4 kumppanuusmarkkinoinnista. Haluamme omalla toiminnallamme varmistaa, ett\u00e4 jokainen suomalainen nettikasinoista kiinnostunut [&hellip;]\" \/>\n<meta property=\"og:url\" content=\"https:\/\/slotsband.com\/fi\/tietoa-meista\/\" \/>\n<meta property=\"og:site_name\" content=\"SlotsBand.com Suomi\" \/>\n<meta property=\"article:modified_time\" content=\"2023-03-22T20:14:59+00:00\" \/>\n<meta name=\"twitter:card\" content=\"summary_large_image\" \/>\n<meta name=\"twitter:label1\" content=\"Arvioitu lukuaika\" \/>\n\t<meta name=\"twitter:data1\" content=\"2 minuuttia\" \/>\n<script type=\"application\/ld+json\" class=\"yoast-schema-graph\">{\"@context\":\"https:\/\/schema.org\",\"@graph\":[{\"@type\":\"WebPage\",\"@id\":\"https:\/\/slotsband.com\/fi\/tietoa-meista\/\",\"url\":\"https:\/\/slotsband.com\/fi\/tietoa-meista\/\",\"name\":\"Tietoa meist\u00e4 - SlotsBand.com Suomi\",\"isPartOf\":{\"@id\":\"https:\/\/slotsband.com\/fi\/#website\"},\"datePublished\":\"2022-08-04T10:49:45+00:00\",\"dateModified\":\"2023-03-22T20:14:59+00:00\",\"breadcrumb\":{\"@id\":\"https:\/\/slotsband.com\/fi\/tietoa-meista\/#breadcrumb\"},\"inLanguage\":\"fi\",\"potentialAction\":[{\"@type\":\"ReadAction\",\"target\":[\"https:\/\/slotsband.com\/fi\/tietoa-meista\/\"]}]},{\"@type\":\"BreadcrumbList\",\"@id\":\"https:\/\/slotsband.com\/fi\/tietoa-meista\/#breadcrumb\",\"itemListElement\":[{\"@type\":\"ListItem\",\"position\":1,\"name\":\"Etusivu\",\"item\":\"https:\/\/slotsband.com\/fi\/\"},{\"@type\":\"ListItem\",\"position\":2,\"name\":\"Tietoa meist\u00e4\"}]},{\"@type\":\"WebSite\",\"@id\":\"https:\/\/slotsband.com\/fi\/#website\",\"url\":\"https:\/\/slotsband.com\/fi\/\",\"name\":\"Slotsband.com\",\"description\":\"\",\"publisher\":{\"@id\":\"https:\/\/slotsband.com\/fi\/#organization\"},\"potentialAction\":[{\"@type\":\"SearchAction\",\"target\":{\"@type\":\"EntryPoint\",\"urlTemplate\":\"https:\/\/slotsband.com\/fi\/?s={search_term_string}\"},\"query-input\":\"required name=search_term_string\"}],\"inLanguage\":\"fi\"},{\"@type\":\"Organization\",\"@id\":\"https:\/\/slotsband.com\/fi\/#organization\",\"name\":\"Slotsband.com\",\"url\":\"https:\/\/slotsband.com\/fi\/\",\"logo\":{\"@type\":\"ImageObject\",\"inLanguage\":\"fi\",\"@id\":\"https:\/\/slotsband.com\/fi\/#\/schema\/logo\/image\/\",\"url\":\"https:\/\/slotsband.com\/fi\/wp-content\/uploads\/sites\/3\/2023\/03\/cropped-Logo-Slotsband.png\",\"contentUrl\":\"https:\/\/slotsband.com\/fi\/wp-content\/uploads\/sites\/3\/2023\/03\/cropped-Logo-Slotsband.png\",\"width\":300,\"height\":43,\"caption\":\"Slotsband.com\"},\"image\":{\"@id\":\"https:\/\/slotsband.com\/fi\/#\/schema\/logo\/image\/\"}}]}<\/script>\n<!-- \/ Yoast SEO plugin. -->","yoast_head_json":{"title":"Tietoa meist\u00e4 - SlotsBand.com Suomi","robots":{"index":"index","follow":"follow","max-snippet":"max-snippet:-1","max-image-preview":"max-image-preview:large","max-video-preview":"max-video-preview:-1"},"canonical":"https:\/\/slotsband.com\/fi\/tietoa-meista\/","og_locale":"fi_FI","og_type":"article","og_title":"Tietoa meist\u00e4 - SlotsBand.com Suomi","og_description":"SlotsBand on vuonna 2022 avattu kumppanuusmarkkinointiin perustuva sivusto. Meid\u00e4n tavoitteenamme on helpottaa turvallisen ja laadukkaan nettikasinon etsint\u00e4\u00e4. Miksi tuhlata kallisarvoista aikaa itse, kun voit luottaa meid\u00e4n apuumme? Vaikka sivustomme on kohtalaisen nuori, ei tiimist\u00e4mme puutu kokemusta. Meill\u00e4 on yli kymmenen vuoden kokemus rahapelialalta (iGaming) sek\u00e4 kumppanuusmarkkinoinnista. Haluamme omalla toiminnallamme varmistaa, ett\u00e4 jokainen suomalainen nettikasinoista kiinnostunut [&hellip;]","og_url":"https:\/\/slotsband.com\/fi\/tietoa-meista\/","og_site_name":"SlotsBand.com Suomi","article_modified_time":"2023-03-22T20:14:59+00:00","twitter_card":"summary_large_image","twitter_misc":{"Arvioitu lukuaika":"2 minuuttia"},"schema":{"@context":"https:\/\/schema.org","@graph":[{"@type":"WebPage","@id":"https:\/\/slotsband.com\/fi\/tietoa-meista\/","url":"https:\/\/slotsband.com\/fi\/tietoa-meista\/","name":"Tietoa meist\u00e4 - SlotsBand.com Suomi","isPartOf":{"@id":"https:\/\/slotsband.com\/fi\/#website"},"datePublished":"2022-08-04T10:49:45+00:00","dateModified":"2023-03-22T20:14:59+00:00","breadcrumb":{"@id":"https:\/\/slotsband.com\/fi\/tietoa-meista\/#breadcrumb"},"inLanguage":"fi","potentialAction":[{"@type":"ReadAction","target":["https:\/\/slotsband.com\/fi\/tietoa-meista\/"]}]},{"@type":"BreadcrumbList","@id":"https:\/\/slotsband.com\/fi\/tietoa-meista\/#breadcrumb","itemListElement":[{"@type":"ListItem","position":1,"name":"Etusivu","item":"https:\/\/slotsband.com\/fi\/"},{"@type":"ListItem","position":2,"name":"Tietoa meist\u00e4"}]},{"@type":"WebSite","@id":"https:\/\/slotsband.com\/fi\/#website","url":"https:\/\/slotsband.com\/fi\/","name":"Slotsband.com","description":"","publisher":{"@id":"https:\/\/slotsband.com\/fi\/#organization"},"potentialAction":[{"@type":"SearchAction","target":{"@type":"EntryPoint","urlTemplate":"https:\/\/slotsband.com\/fi\/?s={search_term_string}"},"query-input":"required name=search_term_string"}],"inLanguage":"fi"},{"@type":"Organization","@id":"https:\/\/slotsband.com\/fi\/#organization","name":"Slotsband.com","url":"https:\/\/slotsband.com\/fi\/","logo":{"@type":"ImageObject","inLanguage":"fi","@id":"https:\/\/slotsband.com\/fi\/#\/schema\/logo\/image\/","url":"https:\/\/slotsband.com\/fi\/wp-content\/uploads\/sites\/3\/2023\/03\/cropped-Logo-Slotsband.png","contentUrl":"https:\/\/slotsband.com\/fi\/wp-content\/uploads\/sites\/3\/2023\/03\/cropped-Logo-Slotsband.png","width":300,"height":43,"caption":"Slotsband.com"},"image":{"@id":"https:\/\/slotsband.com\/fi\/#\/schema\/logo\/image\/"}}]}},"_links":{"self":[{"href":"https:\/\/slotsband.com\/fi\/wp-json\/wp\/v2\/pages\/980","targetHints":{"allow":["GET"]}}],"collection":[{"href":"https:\/\/slotsband.com\/fi\/wp-json\/wp\/v2\/pages"}],"about":[{"href":"https:\/\/slotsband.com\/fi\/wp-json\/wp\/v2\/types\/page"}],"author":[{"embeddable":true,"href":"https:\/\/slotsband.com\/fi\/wp-json\/wp\/v2\/users\/1"}],"replies":[{"embeddable":true,"href":"https:\/\/slotsband.com\/fi\/wp-json\/wp\/v2\/comments?post=980"}],"version-history":[{"count":2,"href":"https:\/\/slotsband.com\/fi\/wp-json\/wp\/v2\/pages\/980\/revisions"}],"predecessor-version":[{"id":1531,"href":"https:\/\/slotsband.com\/fi\/wp-json\/wp\/v2\/pages\/980\/revisions\/1531"}],"wp:attachment":[{"href":"https:\/\/slotsband.com\/fi\/wp-json\/wp\/v2\/media?parent=980"}],"curies":[{"name":"wp","href":"https:\/\/api.w.org\/{rel}","templated":true}]}}