{"id":973,"date":"2022-08-04T10:47:09","date_gmt":"2022-08-04T10:47:09","guid":{"rendered":"https:\/\/pitbullspins.com\/fi\/?page_id=973"},"modified":"2025-11-21T03:41:03","modified_gmt":"2025-11-21T03:41:03","slug":"kayttoehdot","status":"publish","type":"page","link":"https:\/\/slotsband.com\/fi\/kayttoehdot\/","title":{"rendered":"K\u00e4ytt\u00f6ehdot"},"content":{"rendered":"\n<h1 class=\"wp-block-heading\"><strong>S\u00e4\u00e4nn\u00f6t ja ehdot<\/strong><\/h1>\n\n\n\n<p>SlotsBand on nettikasinoiden vertailusivusto, jonka p\u00e4\u00e4asiallinen teht\u00e4v\u00e4 on tarjota informatiivista tietoa kasinoista, bonuksista sek\u00e4 kasinopeleist\u00e4. Ker\u00e4\u00e4mme sivustolle mahdollisimman ajantasaista tietoa rahapeleihin liittyvist\u00e4 aiheista. SlotsBand.com ei kuitenkaan itse tarjoa oikean rahan pelej\u00e4 \u2013 me vain esittelemme nettikasinoita.<\/p>\n\n\n\n<p>Pyrimme luomaan ajankohtaista sek\u00e4 oikeaa tietoa, mutta yksitt\u00e4isiss\u00e4 tapauksissa virheellinen tieto on mahdollista \u2013 esimerkiksi vanhentuneen bonuksen suhteen. Emme ota vastuuta mahdollisesta v\u00e4\u00e4r\u00e4st\u00e4 tiedosta. On pelaajan vastuulla noudattaa nettikasinon s\u00e4\u00e4nt\u00f6j\u00e4, sek\u00e4 esimerkiksi tarkistaa bonusten s\u00e4\u00e4nn\u00f6t ja ehdot.<\/p>\n\n\n\n<p>Emme vastaa sivustollamme esitettyjen nettikasinoiden sis\u00e4ll\u00f6st\u00e4 tai toiminnasta. Olemme kolmannen osapuolen toimija, joka vain esittelee lukijalle erilaisia vaihtoehtoja. Toimintamme on t\u00e4ysin riippumatonta yhdest\u00e4k\u00e4\u00e4n nettikasinosta. Meill\u00e4 ei ole eturistiriitaa kasinoiden tai pelintarjoajien kanssa.<\/p>\n\n\n\n<p>Emme t\u00e4ten pysty vaikuttamaan nettikasinon p\u00e4\u00e4t\u00f6ksiin, ongelmiin, s\u00e4\u00e4nt\u00f6ihin, sis\u00e4lt\u00f6\u00f6n tai mihink\u00e4\u00e4n muuhun kasinon toimintaan.<\/p>\n\n\n\n<p>Kannustamme pelaajia noudattamaan vastuullista pelaamista. Emme suosittele pelaamaan raha- tai uhkapelej\u00e4, vaan tarjoamme tietoa erilaisista nettikasinoista. Tarjoamme my\u00f6s tietoa esimerkiksi kasinopeleist\u00e4 sek\u00e4 kasinoiden tervetuliaistarjouksista.<\/p>\n\n\n\n<p>Pyrkimyksemme on pit\u00e4\u00e4 sivustomme sis\u00e4lt\u00f6 ajankohtaisena. On kuitenkin mahdollista, ett\u00e4 nettikasino muuttaa esimerkiksi bonuksen s\u00e4\u00e4nt\u00f6j\u00e4 ja ehtoja. Emme siis voi taata sis\u00e4lt\u00f6mme oikeellisuutta tai ajantasaisuutta.<\/p>\n\n\n\n<h2 class=\"wp-block-heading\"><a><\/a><strong>Tekij\u00e4noikeudet<\/strong><\/h2>\n\n\n\n<p>Kaikki sis\u00e4lt\u00f6 SlotsBand.comissa on tekij\u00e4noikeuden alaista, ja vain yksityishenkil\u00f6iden k\u00e4ytt\u00f6\u00f6n tarkoitettua. Sis\u00e4lt\u00f6\u00e4 saa k\u00e4ytt\u00e4\u00e4 ainoastaan informatiiviseen tarkoitukseen. Kun k\u00e4yt\u00e4t sivustoamme, hyv\u00e4ksyt edell\u00e4 mainitut tekij\u00e4noikeudelliset ehdot.<\/p>\n\n\n\n<p>Sivustomme logo, ulkoasu, tuotteet, tekstit, kuvat sek\u00e4 palvelumme kuuluvat my\u00f6s SlotsBand.comin omistukseen.<\/p>\n\n\n\n<h2 class=\"wp-block-heading\"><a><\/a><strong>K\u00e4ytt\u00f6ehdot<\/strong><\/h2>\n\n\n\n<p>SlotsBand.comin tieto on tarkoitettu vain informatiiviseen tarkoitukseen. Emme vastaa tiedon oikeellisuudesta, puolueettomuudesta tai ajantasaisuudesta.<\/p>\n\n\n\n<p>Sivustollamme voi olla virheellist\u00e4 tai vanhentunutta tietoa, johtuen esimerkiksi muuttuneista tiedoista tai kasinon antamista virheellisist\u00e4 tiedoista. Emme ota vastuuta n\u00e4ist\u00e4, tai esimerkiksi inhimillisist\u00e4 virheist\u00e4.<\/p>\n\n\n\n<p>Esitetyt tiedot voivat vaihtua koska tahansa, emmek\u00e4 t\u00e4ten ota vastuuta esimerkiksi vanhentuneen bonuksen esitt\u00e4misest\u00e4. Tuottamaamme sis\u00e4lt\u00f6\u00e4, mukaan lukien tekstit ja kuvat, ei saa k\u00e4ytt\u00e4\u00e4 miss\u00e4\u00e4n muodossa kolmansien osapuolten sivustoilla. N\u00e4iss\u00e4 tilanteissa tulee aina saada SlotsBand.comista erillinen lupa.<\/p>\n\n\n\n<p>Emme ota vastuuta muilla verkkosivustoilla (kuten nettikasinoilla) mahdollisesti esiintyv\u00e4st\u00e4 haitallisesta sis\u00e4ll\u00f6st\u00e4.<\/p>\n\n\n\n<p>Palveluumme on kielletty\u00e4 yritt\u00e4\u00e4 murtautua, aiheuttaa palvelunestohy\u00f6kk\u00e4yksi\u00e4 tai mill\u00e4\u00e4n muulla tavalla luvattomasti h\u00e4irit\u00e4 toimintaamme.<\/p>\n\n\n\n<p>Pid\u00e4t\u00e4mme oikeuden sulkea k\u00e4ytt\u00e4j\u00e4n IP-osoitteen pois sivustoltamme, jos k\u00e4ytt\u00f6ehtojamme rikotaan.<\/p>\n\n\n\n<h2 class=\"wp-block-heading\"><a><\/a><strong>Yksityisyys<\/strong><\/h2>\n\n\n\n<p>SlotsBand.com k\u00e4ytt\u00e4\u00e4 hy\u00f6dykseen ev\u00e4steit\u00e4, kuten moni muukin nettisivusto. Kun k\u00e4yt\u00e4t meid\u00e4n sivustoamme, hyv\u00e4ksyt automaattisesti ev\u00e4steiden k\u00e4yt\u00f6n.<\/p>\n\n\n\n<p>Palvelumme on tarkoitettu vain t\u00e4ysi-ik\u00e4isille. Pid\u00e4t\u00e4mme oikeuden ev\u00e4t\u00e4 p\u00e4\u00e4syn sivustollemme kaikilta alle 18-vuotiailta.<\/p>\n\n\n\n<p>Liittym\u00e4ll\u00e4 s\u00e4hk\u00f6postilistallemme, hyv\u00e4ksyt s\u00e4hk\u00f6postiosoitteen s\u00e4ilytt\u00e4misen meid\u00e4n j\u00e4rjestelm\u00e4ss\u00e4. Samalla annat meille luvan l\u00e4hett\u00e4\u00e4 sinulle informaatiota, tarjouksia sek\u00e4 s\u00e4hk\u00f6postiviestej\u00e4 antamaasi s\u00e4hk\u00f6postiosoitteeseen. Sinulla on kuitenkin oikeus pyyt\u00e4\u00e4 s\u00e4hk\u00f6postilistalta poistamista \u2013 n\u00e4in emme en\u00e4\u00e4 l\u00e4het\u00e4 sinulle viestej\u00e4.<\/p>\n\n\n\n<p>SlotsBand.com on suojattu SSL-salauksella, ja pid\u00e4mme huolta tietoturvasta. Noudatamme Euroopan yleist\u00e4 tietosuoja-asetusta (GDPR).<\/p>\n\n\n\n<p><strong>P\u00e4ivitetty 25.11.2025<\/strong><\/p>\n","protected":false},"excerpt":{"rendered":"<p>S\u00e4\u00e4nn\u00f6t ja ehdot SlotsBand on nettikasinoiden vertailusivusto, jonka p\u00e4\u00e4asiallinen teht\u00e4v\u00e4 on tarjota informatiivista tietoa kasinoista, bonuksista sek\u00e4 kasinopeleist\u00e4. Ker\u00e4\u00e4mme sivustolle mahdollisimman ajantasaista tietoa rahapeleihin liittyvist\u00e4 aiheista. SlotsBand.com ei kuitenkaan itse tarjoa oikean rahan pelej\u00e4 \u2013 me vain esittelemme nettikasinoita. Pyrimme luomaan ajankohtaista sek\u00e4 oikeaa tietoa, mutta yksitt\u00e4isiss\u00e4 tapauksissa virheellinen tieto on mahdollista \u2013 esimerkiksi vanhentuneen [&hellip;]<\/p>\n","protected":false},"author":1,"featured_media":0,"parent":0,"menu_order":0,"comment_status":"closed","ping_status":"closed","template":"","meta":{"_acf_changed":false,"_lmt_disableupdate":"","_lmt_disable":"","footnotes":""},"class_list":["post-973","page","type-page","status-publish","hentry"],"acf":[],"yoast_head":"<!-- This site is optimized with the Yoast SEO plugin v23.3 - https:\/\/yoast.com\/wordpress\/plugins\/seo\/ -->\n<title>K\u00e4ytt\u00f6ehdot - SlotsBand.com Suomi<\/title>\n<meta name=\"robots\" content=\"index, follow, max-snippet:-1, max-image-preview:large, max-video-preview:-1\" \/>\n<link rel=\"canonical\" href=\"https:\/\/slotsband.com\/fi\/kayttoehdot\/\" \/>\n<meta property=\"og:locale\" content=\"fi_FI\" \/>\n<meta property=\"og:type\" content=\"article\" \/>\n<meta property=\"og:title\" content=\"K\u00e4ytt\u00f6ehdot - SlotsBand.com Suomi\" \/>\n<meta property=\"og:description\" content=\"S\u00e4\u00e4nn\u00f6t ja ehdot SlotsBand on nettikasinoiden vertailusivusto, jonka p\u00e4\u00e4asiallinen teht\u00e4v\u00e4 on tarjota informatiivista tietoa kasinoista, bonuksista sek\u00e4 kasinopeleist\u00e4. Ker\u00e4\u00e4mme sivustolle mahdollisimman ajantasaista tietoa rahapeleihin liittyvist\u00e4 aiheista. SlotsBand.com ei kuitenkaan itse tarjoa oikean rahan pelej\u00e4 \u2013 me vain esittelemme nettikasinoita. Pyrimme luomaan ajankohtaista sek\u00e4 oikeaa tietoa, mutta yksitt\u00e4isiss\u00e4 tapauksissa virheellinen tieto on mahdollista \u2013 esimerkiksi vanhentuneen [&hellip;]\" \/>\n<meta property=\"og:url\" content=\"https:\/\/slotsband.com\/fi\/kayttoehdot\/\" \/>\n<meta property=\"og:site_name\" content=\"SlotsBand.com Suomi\" \/>\n<meta property=\"article:modified_time\" content=\"2025-11-21T03:41:03+00:00\" \/>\n<meta name=\"twitter:card\" content=\"summary_large_image\" \/>\n<meta name=\"twitter:label1\" content=\"Arvioitu lukuaika\" \/>\n\t<meta name=\"twitter:data1\" content=\"3 minuuttia\" \/>\n<script type=\"application\/ld+json\" class=\"yoast-schema-graph\">{\"@context\":\"https:\/\/schema.org\",\"@graph\":[{\"@type\":\"WebPage\",\"@id\":\"https:\/\/slotsband.com\/fi\/kayttoehdot\/\",\"url\":\"https:\/\/slotsband.com\/fi\/kayttoehdot\/\",\"name\":\"K\u00e4ytt\u00f6ehdot - SlotsBand.com Suomi\",\"isPartOf\":{\"@id\":\"https:\/\/slotsband.com\/fi\/#website\"},\"datePublished\":\"2022-08-04T10:47:09+00:00\",\"dateModified\":\"2025-11-21T03:41:03+00:00\",\"breadcrumb\":{\"@id\":\"https:\/\/slotsband.com\/fi\/kayttoehdot\/#breadcrumb\"},\"inLanguage\":\"fi\",\"potentialAction\":[{\"@type\":\"ReadAction\",\"target\":[\"https:\/\/slotsband.com\/fi\/kayttoehdot\/\"]}]},{\"@type\":\"BreadcrumbList\",\"@id\":\"https:\/\/slotsband.com\/fi\/kayttoehdot\/#breadcrumb\",\"itemListElement\":[{\"@type\":\"ListItem\",\"position\":1,\"name\":\"Etusivu\",\"item\":\"https:\/\/slotsband.com\/fi\/\"},{\"@type\":\"ListItem\",\"position\":2,\"name\":\"K\u00e4ytt\u00f6ehdot\"}]},{\"@type\":\"WebSite\",\"@id\":\"https:\/\/slotsband.com\/fi\/#website\",\"url\":\"https:\/\/slotsband.com\/fi\/\",\"name\":\"Slotsband.com\",\"description\":\"\",\"publisher\":{\"@id\":\"https:\/\/slotsband.com\/fi\/#organization\"},\"potentialAction\":[{\"@type\":\"SearchAction\",\"target\":{\"@type\":\"EntryPoint\",\"urlTemplate\":\"https:\/\/slotsband.com\/fi\/?s={search_term_string}\"},\"query-input\":\"required name=search_term_string\"}],\"inLanguage\":\"fi\"},{\"@type\":\"Organization\",\"@id\":\"https:\/\/slotsband.com\/fi\/#organization\",\"name\":\"Slotsband.com\",\"url\":\"https:\/\/slotsband.com\/fi\/\",\"logo\":{\"@type\":\"ImageObject\",\"inLanguage\":\"fi\",\"@id\":\"https:\/\/slotsband.com\/fi\/#\/schema\/logo\/image\/\",\"url\":\"https:\/\/slotsband.com\/fi\/wp-content\/uploads\/sites\/3\/2023\/03\/cropped-Logo-Slotsband.png\",\"contentUrl\":\"https:\/\/slotsband.com\/fi\/wp-content\/uploads\/sites\/3\/2023\/03\/cropped-Logo-Slotsband.png\",\"width\":300,\"height\":43,\"caption\":\"Slotsband.com\"},\"image\":{\"@id\":\"https:\/\/slotsband.com\/fi\/#\/schema\/logo\/image\/\"}}]}<\/script>\n<!-- \/ Yoast SEO plugin. -->","yoast_head_json":{"title":"K\u00e4ytt\u00f6ehdot - SlotsBand.com Suomi","robots":{"index":"index","follow":"follow","max-snippet":"max-snippet:-1","max-image-preview":"max-image-preview:large","max-video-preview":"max-video-preview:-1"},"canonical":"https:\/\/slotsband.com\/fi\/kayttoehdot\/","og_locale":"fi_FI","og_type":"article","og_title":"K\u00e4ytt\u00f6ehdot - SlotsBand.com Suomi","og_description":"S\u00e4\u00e4nn\u00f6t ja ehdot SlotsBand on nettikasinoiden vertailusivusto, jonka p\u00e4\u00e4asiallinen teht\u00e4v\u00e4 on tarjota informatiivista tietoa kasinoista, bonuksista sek\u00e4 kasinopeleist\u00e4. Ker\u00e4\u00e4mme sivustolle mahdollisimman ajantasaista tietoa rahapeleihin liittyvist\u00e4 aiheista. SlotsBand.com ei kuitenkaan itse tarjoa oikean rahan pelej\u00e4 \u2013 me vain esittelemme nettikasinoita. Pyrimme luomaan ajankohtaista sek\u00e4 oikeaa tietoa, mutta yksitt\u00e4isiss\u00e4 tapauksissa virheellinen tieto on mahdollista \u2013 esimerkiksi vanhentuneen [&hellip;]","og_url":"https:\/\/slotsband.com\/fi\/kayttoehdot\/","og_site_name":"SlotsBand.com Suomi","article_modified_time":"2025-11-21T03:41:03+00:00","twitter_card":"summary_large_image","twitter_misc":{"Arvioitu lukuaika":"3 minuuttia"},"schema":{"@context":"https:\/\/schema.org","@graph":[{"@type":"WebPage","@id":"https:\/\/slotsband.com\/fi\/kayttoehdot\/","url":"https:\/\/slotsband.com\/fi\/kayttoehdot\/","name":"K\u00e4ytt\u00f6ehdot - SlotsBand.com Suomi","isPartOf":{"@id":"https:\/\/slotsband.com\/fi\/#website"},"datePublished":"2022-08-04T10:47:09+00:00","dateModified":"2025-11-21T03:41:03+00:00","breadcrumb":{"@id":"https:\/\/slotsband.com\/fi\/kayttoehdot\/#breadcrumb"},"inLanguage":"fi","potentialAction":[{"@type":"ReadAction","target":["https:\/\/slotsband.com\/fi\/kayttoehdot\/"]}]},{"@type":"BreadcrumbList","@id":"https:\/\/slotsband.com\/fi\/kayttoehdot\/#breadcrumb","itemListElement":[{"@type":"ListItem","position":1,"name":"Etusivu","item":"https:\/\/slotsband.com\/fi\/"},{"@type":"ListItem","position":2,"name":"K\u00e4ytt\u00f6ehdot"}]},{"@type":"WebSite","@id":"https:\/\/slotsband.com\/fi\/#website","url":"https:\/\/slotsband.com\/fi\/","name":"Slotsband.com","description":"","publisher":{"@id":"https:\/\/slotsband.com\/fi\/#organization"},"potentialAction":[{"@type":"SearchAction","target":{"@type":"EntryPoint","urlTemplate":"https:\/\/slotsband.com\/fi\/?s={search_term_string}"},"query-input":"required name=search_term_string"}],"inLanguage":"fi"},{"@type":"Organization","@id":"https:\/\/slotsband.com\/fi\/#organization","name":"Slotsband.com","url":"https:\/\/slotsband.com\/fi\/","logo":{"@type":"ImageObject","inLanguage":"fi","@id":"https:\/\/slotsband.com\/fi\/#\/schema\/logo\/image\/","url":"https:\/\/slotsband.com\/fi\/wp-content\/uploads\/sites\/3\/2023\/03\/cropped-Logo-Slotsband.png","contentUrl":"https:\/\/slotsband.com\/fi\/wp-content\/uploads\/sites\/3\/2023\/03\/cropped-Logo-Slotsband.png","width":300,"height":43,"caption":"Slotsband.com"},"image":{"@id":"https:\/\/slotsband.com\/fi\/#\/schema\/logo\/image\/"}}]}},"_links":{"self":[{"href":"https:\/\/slotsband.com\/fi\/wp-json\/wp\/v2\/pages\/973","targetHints":{"allow":["GET"]}}],"collection":[{"href":"https:\/\/slotsband.com\/fi\/wp-json\/wp\/v2\/pages"}],"about":[{"href":"https:\/\/slotsband.com\/fi\/wp-json\/wp\/v2\/types\/page"}],"author":[{"embeddable":true,"href":"https:\/\/slotsband.com\/fi\/wp-json\/wp\/v2\/users\/1"}],"replies":[{"embeddable":true,"href":"https:\/\/slotsband.com\/fi\/wp-json\/wp\/v2\/comments?post=973"}],"version-history":[{"count":4,"href":"https:\/\/slotsband.com\/fi\/wp-json\/wp\/v2\/pages\/973\/revisions"}],"predecessor-version":[{"id":11103,"href":"https:\/\/slotsband.com\/fi\/wp-json\/wp\/v2\/pages\/973\/revisions\/11103"}],"wp:attachment":[{"href":"https:\/\/slotsband.com\/fi\/wp-json\/wp\/v2\/media?parent=973"}],"curies":[{"name":"wp","href":"https:\/\/api.w.org\/{rel}","templated":true}]}}