{"id":9333,"date":"2023-08-14T23:15:31","date_gmt":"2023-08-14T23:15:31","guid":{"rendered":"https:\/\/slotsband.com\/fi\/?page_id=9333"},"modified":"2025-05-08T15:53:51","modified_gmt":"2025-05-08T15:53:51","slug":"bonushunt","status":"publish","type":"page","link":"https:\/\/slotsband.com\/fi\/bonushunt\/","title":{"rendered":"Bonushunt"},"content":{"rendered":"\n<div style=\"height:30px\" aria-hidden=\"true\" class=\"wp-block-spacer\"><\/div>\n\n\n<div class=\"wp-block-image is-style-default\">\n<figure class=\"aligncenter size-full\"><a href=\"https:\/\/bit.ly\/CASINOVIBES\"><img fetchpriority=\"high\" decoding=\"async\" width=\"1200\" height=\"200\" src=\"https:\/\/slotsband.com\/fi\/wp-content\/uploads\/sites\/3\/2025\/02\/1200x200-2.jpg\" alt=\"\" class=\"wp-image-10674\" srcset=\"https:\/\/slotsband.com\/fi\/wp-content\/uploads\/sites\/3\/2025\/02\/1200x200-2.jpg 1200w, https:\/\/slotsband.com\/fi\/wp-content\/uploads\/sites\/3\/2025\/02\/1200x200-2-300x50.jpg 300w, https:\/\/slotsband.com\/fi\/wp-content\/uploads\/sites\/3\/2025\/02\/1200x200-2-1024x171.jpg 1024w, https:\/\/slotsband.com\/fi\/wp-content\/uploads\/sites\/3\/2025\/02\/1200x200-2-768x128.jpg 768w, https:\/\/slotsband.com\/fi\/wp-content\/uploads\/sites\/3\/2025\/02\/1200x200-2-240x40.jpg 240w, https:\/\/slotsband.com\/fi\/wp-content\/uploads\/sites\/3\/2025\/02\/1200x200-2-192x32.jpg 192w, https:\/\/slotsband.com\/fi\/wp-content\/uploads\/sites\/3\/2025\/02\/1200x200-2-480x80.jpg 480w, https:\/\/slotsband.com\/fi\/wp-content\/uploads\/sites\/3\/2025\/02\/1200x200-2-810x135.jpg 810w\" sizes=\"(max-width: 1200px) 100vw, 1200px\" \/><\/a><\/figure>\n<\/div>\n\n<h1 style=\"text-align: center;\"><span style=\"color: #1b75bb;\"><strong>BONUSHUNT<\/strong><\/span><\/h1>\n<p style=\"text-align: center; font-size: 21px;\"><strong>ARVAA LOPPUTULOS JA VOITA PALKINTOJA<\/strong><\/p>\n<p style=\"text-align: center; font-size: 21px;\"><strong>Nyt voit antaa parhaan arvauksesi Slotsband bonus huntin lopputuloksesta! Veikkaa ja voita palkintoja, jotka vaihtelevat striimeitt\u00e4in. Ja vaikka ei heti osuisi niin tule mukaan my\u00f6s seuraavaan l\u00e4hetykseen ja uutta arvausta kehiin! Kirjoita Twitch, Kick tai Youtube -nimimerkkisi ja summa euroina. Pennej\u00e4 ei tarvitse kirjoittaa, vain \u20acurot.<\/strong><\/p>\n<p style=\"text-align: center; font-size: 21px;\"><strong>TSEMI\u00c4 KISAAN JA MUISTATHAN PELATA VASTUULLISESTI<\/strong><\/p>\n<p>&nbsp;<\/p>\n\n\n\n\n<p><\/p>\n\n\n\n<div class=\"wp-block-columns is-layout-flex wp-container-core-columns-is-layout-9d6595d7 wp-block-columns-is-layout-flex\">\n<div class=\"wp-block-column is-layout-flow wp-block-column-is-layout-flow\"><div class=\"bonushunt-card\"><div class=\"card__image\"><img decoding=\"async\" data-src=\"https:\/\/slotsband.com\/fi\/wp-content\/uploads\/sites\/3\/2025\/05\/Lumo-logo.jpg\" alt=\"Lumo Casino\" src=\"data:image\/gif;base64,R0lGODlhAQABAAAAACH5BAEKAAEALAAAAAABAAEAAAICTAEAOw==\" class=\"lazyload\"><noscript><img decoding=\"async\" src=\"https:\/\/slotsband.com\/fi\/wp-content\/uploads\/sites\/3\/2025\/05\/Lumo-logo.jpg\" alt=\"Lumo Casino\"><\/noscript><\/div><h2 class=\"card__title\">Lumo Casino<\/h2><div class=\"card__offer\">150% BONUS AINA 300\u20ac ASTI. MGA LISENSSI!<\/div><a href=\"https:\/\/slotsband.com\/fi\/mene\/lumo\" class=\"card__link\" target=\"_blank\">PELAA<\/a><\/div>\n<\/div>\n\n\n\n<div class=\"wp-block-column is-layout-flow wp-block-column-is-layout-flow\"><div class=\"bonushunt-card\"><div class=\"card__image\"><img decoding=\"async\" data-src=\"https:\/\/slotsband.com\/fi\/wp-content\/uploads\/sites\/3\/2025\/05\/Pelataan-casino-1.jpg\" alt=\"Pelataan\" src=\"data:image\/gif;base64,R0lGODlhAQABAAAAACH5BAEKAAEALAAAAAABAAEAAAICTAEAOw==\" class=\"lazyload\"><noscript><img decoding=\"async\" src=\"https:\/\/slotsband.com\/fi\/wp-content\/uploads\/sites\/3\/2025\/05\/Pelataan-casino-1.jpg\" alt=\"Pelataan\"><\/noscript><\/div><h2 class=\"card__title\">Pelataan<\/h2><div class=\"card__offer\">150% BONUS AINA 300\u20ac ASTI. MGA LISENSSI!<\/div><a href=\"https:\/\/slotsband.com\/fi\/mene\/Pelataan\" class=\"card__link\" target=\"_blank\">PELAA<\/a><\/div>\n<\/div>\n\n\n\n<div class=\"wp-block-column is-layout-flow wp-block-column-is-layout-flow\"><div class=\"bonushunt-card\"><div class=\"card__image\"><img decoding=\"async\" data-src=\"https:\/\/slotsband.com\/fi\/wp-content\/uploads\/sites\/3\/2022\/08\/wildz-logo.jpg\" alt=\"Wildz\" src=\"data:image\/gif;base64,R0lGODlhAQABAAAAACH5BAEKAAEALAAAAAABAAEAAAICTAEAOw==\" class=\"lazyload\"><noscript><img decoding=\"async\" src=\"https:\/\/slotsband.com\/fi\/wp-content\/uploads\/sites\/3\/2022\/08\/wildz-logo.jpg\" alt=\"Wildz\"><\/noscript><\/div><h2 class=\"card__title\">Wildz<\/h2><div class=\"card__offer\">Wildz Casino \u2013 uusille pelaajille 100 % Non-sticky bonus 500 \u20ac asti + 200 ilmaiskierrosta<\/div><a href=\"https:\/\/slotsband.com\/fi\/mene\/wildz\" class=\"card__link\" target=\"_blank\">PELAA<\/a><\/div>\n<\/div>\n\n\n\n<div class=\"wp-block-column is-layout-flow wp-block-column-is-layout-flow\"><div class=\"bonushunt-card\"><div class=\"card__image\"><img decoding=\"async\" data-src=\"https:\/\/slotsband.com\/fi\/wp-content\/uploads\/sites\/3\/2020\/04\/malina-casino-logo.jpg\" alt=\"Malina\" src=\"data:image\/gif;base64,R0lGODlhAQABAAAAACH5BAEKAAEALAAAAAABAAEAAAICTAEAOw==\" class=\"lazyload\"><noscript><img decoding=\"async\" src=\"https:\/\/slotsband.com\/fi\/wp-content\/uploads\/sites\/3\/2020\/04\/malina-casino-logo.jpg\" alt=\"Malina\"><\/noscript><\/div><h2 class=\"card__title\">Malina<\/h2><div class=\"card__offer\">Malina - Talletusbonus jopa 500 \u20ac + 200 bonuskierrosta<\/div><a href=\"https:\/\/slotsband.com\/fi\/mene\/malinacasino\" class=\"card__link\" target=\"_blank\">PELAA<\/a><\/div>\n<\/div>\n\n\n\n<div class=\"wp-block-column is-layout-flow wp-block-column-is-layout-flow\"><div class=\"bonushunt-card\"><div class=\"card__image\"><img decoding=\"async\" data-src=\"https:\/\/slotsband.com\/fi\/wp-content\/uploads\/sites\/3\/2023\/09\/Sisu-Logo.jpg\" alt=\"Sisu\" src=\"data:image\/gif;base64,R0lGODlhAQABAAAAACH5BAEKAAEALAAAAAABAAEAAAICTAEAOw==\" class=\"lazyload\"><noscript><img decoding=\"async\" src=\"https:\/\/slotsband.com\/fi\/wp-content\/uploads\/sites\/3\/2023\/09\/Sisu-Logo.jpg\" alt=\"Sisu\"><\/noscript><\/div><h2 class=\"card__title\">Sisu<\/h2><div class=\"card__offer\">Sisu Kasino tarjoaa 125% ensitalletusbonuksen jopa 500 euroon asti. <\/div><a href=\"https:\/\/slotsband.com\/fi\/mene\/sisu\" class=\"card__link\" target=\"_blank\">PELAA<\/a><\/div>\n<\/div>\n<\/div>\n\n\n\n<div class=\"wpcf7 no-js\" id=\"wpcf7-f9410-o1\" lang=\"en-US\" dir=\"ltr\">\n<div class=\"screen-reader-response\"><p role=\"status\" aria-live=\"polite\" aria-atomic=\"true\"><\/p> <ul><\/ul><\/div>\n<form action=\"\/fi\/wp-json\/wp\/v2\/pages\/9333#wpcf7-f9410-o1\" method=\"post\" class=\"wpcf7-form init bonushunt-form\" aria-label=\"Contact form\" novalidate=\"novalidate\" data-status=\"init\">\n<div style=\"display: none;\">\n<input type=\"hidden\" name=\"_wpcf7\" value=\"9410\" \/>\n<input type=\"hidden\" name=\"_wpcf7_version\" value=\"5.9.8\" \/>\n<input type=\"hidden\" name=\"_wpcf7_locale\" value=\"en_US\" \/>\n<input type=\"hidden\" name=\"_wpcf7_unit_tag\" value=\"wpcf7-f9410-o1\" \/>\n<input type=\"hidden\" name=\"_wpcf7_container_post\" value=\"0\" \/>\n<input type=\"hidden\" name=\"_wpcf7_posted_data_hash\" value=\"\" \/>\n<\/div>\n<p><label> Twitch\/Youtube\/Kick nimi*<br \/>\n<span class=\"wpcf7-form-control-wrap\" data-name=\"twitch-nimi\"><input size=\"40\" maxlength=\"400\" class=\"wpcf7-form-control wpcf7-text wpcf7-validates-as-required\" aria-required=\"true\" aria-invalid=\"false\" value=\"\" type=\"text\" name=\"twitch-nimi\" \/><\/span> <\/label>\n<\/p>\n<p><label> Sinun arvaus euroissa (\u20ac)*<br \/>\n<span class=\"wpcf7-form-control-wrap\" data-name=\"your-guess\"><input size=\"40\" maxlength=\"400\" class=\"wpcf7-form-control wpcf7-text wpcf7-validates-as-required\" aria-required=\"true\" aria-invalid=\"false\" value=\"\" type=\"text\" name=\"your-guess\" \/><\/span> <\/label>\n<\/p>\n<p><input class=\"wpcf7-form-control wpcf7-submit has-spinner\" type=\"submit\" value=\"L\u00e4het\u00e4\" \/>\n<\/p><div class=\"wpcf7-response-output\" aria-hidden=\"true\"><\/div>\n<\/form>\n<\/div>\n\n\n\n\n<p><\/p>\n","protected":false},"excerpt":{"rendered":"","protected":false},"author":4,"featured_media":0,"parent":0,"menu_order":0,"comment_status":"closed","ping_status":"closed","template":"page-without-title.php","meta":{"_acf_changed":false,"_lmt_disableupdate":"","_lmt_disable":"","footnotes":""},"class_list":["post-9333","page","type-page","status-publish","hentry"],"acf":[],"yoast_head":"<!-- This site is optimized with the Yoast SEO plugin v23.3 - https:\/\/yoast.com\/wordpress\/plugins\/seo\/ -->\n<title>BonusHunt- Arvaa Lopputulos ja Voita Palkintoja<\/title>\n<meta name=\"description\" content=\"Nyt voit antaa parhaan arvauksesi Slotsband bonus huntin lopputuloksesta! Veikkaa ja voita palkintoja, jotka vaihtelevat striimeitt\u00e4in.\" \/>\n<meta name=\"robots\" content=\"index, follow, max-snippet:-1, max-image-preview:large, max-video-preview:-1\" \/>\n<link rel=\"canonical\" href=\"https:\/\/slotsband.com\/fi\/bonushunt\/\" \/>\n<meta property=\"og:locale\" content=\"fi_FI\" \/>\n<meta property=\"og:type\" content=\"article\" \/>\n<meta property=\"og:title\" content=\"BonusHunt- Arvaa Lopputulos ja Voita Palkintoja\" \/>\n<meta property=\"og:description\" content=\"Nyt voit antaa parhaan arvauksesi Slotsband bonus huntin lopputuloksesta! Veikkaa ja voita palkintoja, jotka vaihtelevat striimeitt\u00e4in.\" \/>\n<meta property=\"og:url\" content=\"https:\/\/slotsband.com\/fi\/bonushunt\/\" \/>\n<meta property=\"og:site_name\" content=\"SlotsBand.com Suomi\" \/>\n<meta property=\"article:modified_time\" content=\"2025-05-08T15:53:51+00:00\" \/>\n<meta property=\"og:image\" content=\"https:\/\/slotsband.com\/fi\/wp-content\/uploads\/sites\/3\/2025\/02\/1200x200-2.jpg\" \/>\n<meta name=\"twitter:card\" content=\"summary_large_image\" \/>\n<meta name=\"twitter:label1\" content=\"Arvioitu lukuaika\" \/>\n\t<meta name=\"twitter:data1\" content=\"1 minuutti\" \/>\n<script type=\"application\/ld+json\" class=\"yoast-schema-graph\">{\"@context\":\"https:\/\/schema.org\",\"@graph\":[{\"@type\":\"WebPage\",\"@id\":\"https:\/\/slotsband.com\/fi\/bonushunt\/\",\"url\":\"https:\/\/slotsband.com\/fi\/bonushunt\/\",\"name\":\"BonusHunt- Arvaa Lopputulos ja Voita Palkintoja\",\"isPartOf\":{\"@id\":\"https:\/\/slotsband.com\/fi\/#website\"},\"primaryImageOfPage\":{\"@id\":\"https:\/\/slotsband.com\/fi\/bonushunt\/#primaryimage\"},\"image\":{\"@id\":\"https:\/\/slotsband.com\/fi\/bonushunt\/#primaryimage\"},\"thumbnailUrl\":\"https:\/\/slotsband.com\/fi\/wp-content\/uploads\/sites\/3\/2025\/02\/1200x200-2.jpg\",\"datePublished\":\"2023-08-14T23:15:31+00:00\",\"dateModified\":\"2025-05-08T15:53:51+00:00\",\"description\":\"Nyt voit antaa parhaan arvauksesi Slotsband bonus huntin lopputuloksesta! Veikkaa ja voita palkintoja, jotka vaihtelevat striimeitt\u00e4in.\",\"breadcrumb\":{\"@id\":\"https:\/\/slotsband.com\/fi\/bonushunt\/#breadcrumb\"},\"inLanguage\":\"fi\",\"potentialAction\":[{\"@type\":\"ReadAction\",\"target\":[\"https:\/\/slotsband.com\/fi\/bonushunt\/\"]}]},{\"@type\":\"ImageObject\",\"inLanguage\":\"fi\",\"@id\":\"https:\/\/slotsband.com\/fi\/bonushunt\/#primaryimage\",\"url\":\"https:\/\/slotsband.com\/fi\/wp-content\/uploads\/sites\/3\/2025\/02\/1200x200-2.jpg\",\"contentUrl\":\"https:\/\/slotsband.com\/fi\/wp-content\/uploads\/sites\/3\/2025\/02\/1200x200-2.jpg\",\"width\":1200,\"height\":200},{\"@type\":\"BreadcrumbList\",\"@id\":\"https:\/\/slotsband.com\/fi\/bonushunt\/#breadcrumb\",\"itemListElement\":[{\"@type\":\"ListItem\",\"position\":1,\"name\":\"Etusivu\",\"item\":\"https:\/\/slotsband.com\/fi\/\"},{\"@type\":\"ListItem\",\"position\":2,\"name\":\"Bonushunt\"}]},{\"@type\":\"WebSite\",\"@id\":\"https:\/\/slotsband.com\/fi\/#website\",\"url\":\"https:\/\/slotsband.com\/fi\/\",\"name\":\"Slotsband.com\",\"description\":\"\",\"publisher\":{\"@id\":\"https:\/\/slotsband.com\/fi\/#organization\"},\"potentialAction\":[{\"@type\":\"SearchAction\",\"target\":{\"@type\":\"EntryPoint\",\"urlTemplate\":\"https:\/\/slotsband.com\/fi\/?s={search_term_string}\"},\"query-input\":\"required name=search_term_string\"}],\"inLanguage\":\"fi\"},{\"@type\":\"Organization\",\"@id\":\"https:\/\/slotsband.com\/fi\/#organization\",\"name\":\"Slotsband.com\",\"url\":\"https:\/\/slotsband.com\/fi\/\",\"logo\":{\"@type\":\"ImageObject\",\"inLanguage\":\"fi\",\"@id\":\"https:\/\/slotsband.com\/fi\/#\/schema\/logo\/image\/\",\"url\":\"https:\/\/slotsband.com\/fi\/wp-content\/uploads\/sites\/3\/2023\/03\/cropped-Logo-Slotsband.png\",\"contentUrl\":\"https:\/\/slotsband.com\/fi\/wp-content\/uploads\/sites\/3\/2023\/03\/cropped-Logo-Slotsband.png\",\"width\":300,\"height\":43,\"caption\":\"Slotsband.com\"},\"image\":{\"@id\":\"https:\/\/slotsband.com\/fi\/#\/schema\/logo\/image\/\"}}]}<\/script>\n<!-- \/ Yoast SEO plugin. -->","yoast_head_json":{"title":"BonusHunt- Arvaa Lopputulos ja Voita Palkintoja","description":"Nyt voit antaa parhaan arvauksesi Slotsband bonus huntin lopputuloksesta! Veikkaa ja voita palkintoja, jotka vaihtelevat striimeitt\u00e4in.","robots":{"index":"index","follow":"follow","max-snippet":"max-snippet:-1","max-image-preview":"max-image-preview:large","max-video-preview":"max-video-preview:-1"},"canonical":"https:\/\/slotsband.com\/fi\/bonushunt\/","og_locale":"fi_FI","og_type":"article","og_title":"BonusHunt- Arvaa Lopputulos ja Voita Palkintoja","og_description":"Nyt voit antaa parhaan arvauksesi Slotsband bonus huntin lopputuloksesta! Veikkaa ja voita palkintoja, jotka vaihtelevat striimeitt\u00e4in.","og_url":"https:\/\/slotsband.com\/fi\/bonushunt\/","og_site_name":"SlotsBand.com Suomi","article_modified_time":"2025-05-08T15:53:51+00:00","og_image":[{"url":"https:\/\/slotsband.com\/fi\/wp-content\/uploads\/sites\/3\/2025\/02\/1200x200-2.jpg"}],"twitter_card":"summary_large_image","twitter_misc":{"Arvioitu lukuaika":"1 minuutti"},"schema":{"@context":"https:\/\/schema.org","@graph":[{"@type":"WebPage","@id":"https:\/\/slotsband.com\/fi\/bonushunt\/","url":"https:\/\/slotsband.com\/fi\/bonushunt\/","name":"BonusHunt- Arvaa Lopputulos ja Voita Palkintoja","isPartOf":{"@id":"https:\/\/slotsband.com\/fi\/#website"},"primaryImageOfPage":{"@id":"https:\/\/slotsband.com\/fi\/bonushunt\/#primaryimage"},"image":{"@id":"https:\/\/slotsband.com\/fi\/bonushunt\/#primaryimage"},"thumbnailUrl":"https:\/\/slotsband.com\/fi\/wp-content\/uploads\/sites\/3\/2025\/02\/1200x200-2.jpg","datePublished":"2023-08-14T23:15:31+00:00","dateModified":"2025-05-08T15:53:51+00:00","description":"Nyt voit antaa parhaan arvauksesi Slotsband bonus huntin lopputuloksesta! Veikkaa ja voita palkintoja, jotka vaihtelevat striimeitt\u00e4in.","breadcrumb":{"@id":"https:\/\/slotsband.com\/fi\/bonushunt\/#breadcrumb"},"inLanguage":"fi","potentialAction":[{"@type":"ReadAction","target":["https:\/\/slotsband.com\/fi\/bonushunt\/"]}]},{"@type":"ImageObject","inLanguage":"fi","@id":"https:\/\/slotsband.com\/fi\/bonushunt\/#primaryimage","url":"https:\/\/slotsband.com\/fi\/wp-content\/uploads\/sites\/3\/2025\/02\/1200x200-2.jpg","contentUrl":"https:\/\/slotsband.com\/fi\/wp-content\/uploads\/sites\/3\/2025\/02\/1200x200-2.jpg","width":1200,"height":200},{"@type":"BreadcrumbList","@id":"https:\/\/slotsband.com\/fi\/bonushunt\/#breadcrumb","itemListElement":[{"@type":"ListItem","position":1,"name":"Etusivu","item":"https:\/\/slotsband.com\/fi\/"},{"@type":"ListItem","position":2,"name":"Bonushunt"}]},{"@type":"WebSite","@id":"https:\/\/slotsband.com\/fi\/#website","url":"https:\/\/slotsband.com\/fi\/","name":"Slotsband.com","description":"","publisher":{"@id":"https:\/\/slotsband.com\/fi\/#organization"},"potentialAction":[{"@type":"SearchAction","target":{"@type":"EntryPoint","urlTemplate":"https:\/\/slotsband.com\/fi\/?s={search_term_string}"},"query-input":"required name=search_term_string"}],"inLanguage":"fi"},{"@type":"Organization","@id":"https:\/\/slotsband.com\/fi\/#organization","name":"Slotsband.com","url":"https:\/\/slotsband.com\/fi\/","logo":{"@type":"ImageObject","inLanguage":"fi","@id":"https:\/\/slotsband.com\/fi\/#\/schema\/logo\/image\/","url":"https:\/\/slotsband.com\/fi\/wp-content\/uploads\/sites\/3\/2023\/03\/cropped-Logo-Slotsband.png","contentUrl":"https:\/\/slotsband.com\/fi\/wp-content\/uploads\/sites\/3\/2023\/03\/cropped-Logo-Slotsband.png","width":300,"height":43,"caption":"Slotsband.com"},"image":{"@id":"https:\/\/slotsband.com\/fi\/#\/schema\/logo\/image\/"}}]}},"_links":{"self":[{"href":"https:\/\/slotsband.com\/fi\/wp-json\/wp\/v2\/pages\/9333","targetHints":{"allow":["GET"]}}],"collection":[{"href":"https:\/\/slotsband.com\/fi\/wp-json\/wp\/v2\/pages"}],"about":[{"href":"https:\/\/slotsband.com\/fi\/wp-json\/wp\/v2\/types\/page"}],"author":[{"embeddable":true,"href":"https:\/\/slotsband.com\/fi\/wp-json\/wp\/v2\/users\/4"}],"replies":[{"embeddable":true,"href":"https:\/\/slotsband.com\/fi\/wp-json\/wp\/v2\/comments?post=9333"}],"version-history":[{"count":71,"href":"https:\/\/slotsband.com\/fi\/wp-json\/wp\/v2\/pages\/9333\/revisions"}],"predecessor-version":[{"id":10817,"href":"https:\/\/slotsband.com\/fi\/wp-json\/wp\/v2\/pages\/9333\/revisions\/10817"}],"wp:attachment":[{"href":"https:\/\/slotsband.com\/fi\/wp-json\/wp\/v2\/media?parent=9333"}],"curies":[{"name":"wp","href":"https:\/\/api.w.org\/{rel}","templated":true}]}}