{"id":644,"date":"2022-07-27T11:49:15","date_gmt":"2022-07-27T11:49:15","guid":{"rendered":"https:\/\/pitbullspins.com\/fi\/?page_id=644"},"modified":"2025-11-12T18:49:59","modified_gmt":"2025-11-12T18:49:59","slug":"ota-yhteytta","status":"publish","type":"page","link":"https:\/\/slotsband.com\/fi\/ota-yhteytta\/","title":{"rendered":"Ota yhteytt\u00e4"},"content":{"rendered":"\n<p>Oheisen yhteydenottolomakkeen kautta voit ottaa meihin yhteytt\u00e4, jos sinulla on kysytt\u00e4v\u00e4\u00e4 esimerkiksi sivustomme toiminnasta. Pyrimme vastaamaan kaikkiin viesteihin mahdollisimman nopeasti. Voit laittaa s\u00e4hk\u00f6postia my\u00f6s suoraan slotsband.com@gmail.com <\/p>\n\n\n\n<p>Jos nettikasinon suhteen tulee ongelmia, olethan yhteydess\u00e4 kasinon asiakaspalveluun. Sen j\u00e4lkeen haluamme kuulla my\u00f6s mahdollisesta ongelmatilanteesta. Emme mainosta kasinoita, joilla pelaajat kokevat normaalia enemm\u00e4n ongelmatilanteita.<\/p>\n","protected":false},"excerpt":{"rendered":"<p>Oheisen yhteydenottolomakkeen kautta voit ottaa meihin yhteytt\u00e4, jos sinulla on kysytt\u00e4v\u00e4\u00e4 esimerkiksi sivustomme toiminnasta. Pyrimme vastaamaan kaikkiin viesteihin mahdollisimman nopeasti. Voit laittaa s\u00e4hk\u00f6postia my\u00f6s suoraan slotsband.com@gmail.com Jos nettikasinon suhteen tulee ongelmia, olethan yhteydess\u00e4 kasinon asiakaspalveluun. Sen j\u00e4lkeen haluamme kuulla my\u00f6s mahdollisesta ongelmatilanteesta. Emme mainosta kasinoita, joilla pelaajat kokevat normaalia enemm\u00e4n ongelmatilanteita.<\/p>\n","protected":false},"author":1,"featured_media":0,"parent":0,"menu_order":0,"comment_status":"closed","ping_status":"closed","template":"","meta":{"_acf_changed":false,"_lmt_disableupdate":"","_lmt_disable":"","footnotes":""},"class_list":["post-644","page","type-page","status-publish","hentry"],"acf":[],"yoast_head":"<!-- This site is optimized with the Yoast SEO plugin v23.3 - https:\/\/yoast.com\/wordpress\/plugins\/seo\/ -->\n<title>Ota yhteytt\u00e4 - SlotsBand.com Suomi<\/title>\n<meta name=\"robots\" content=\"index, follow, max-snippet:-1, max-image-preview:large, max-video-preview:-1\" \/>\n<link rel=\"canonical\" href=\"https:\/\/slotsband.com\/fi\/ota-yhteytta\/\" \/>\n<meta property=\"og:locale\" content=\"fi_FI\" \/>\n<meta property=\"og:type\" content=\"article\" \/>\n<meta property=\"og:title\" content=\"Ota yhteytt\u00e4 - SlotsBand.com Suomi\" \/>\n<meta property=\"og:description\" content=\"Oheisen yhteydenottolomakkeen kautta voit ottaa meihin yhteytt\u00e4, jos sinulla on kysytt\u00e4v\u00e4\u00e4 esimerkiksi sivustomme toiminnasta. Pyrimme vastaamaan kaikkiin viesteihin mahdollisimman nopeasti. Voit laittaa s\u00e4hk\u00f6postia my\u00f6s suoraan slotsband.com@gmail.com Jos nettikasinon suhteen tulee ongelmia, olethan yhteydess\u00e4 kasinon asiakaspalveluun. Sen j\u00e4lkeen haluamme kuulla my\u00f6s mahdollisesta ongelmatilanteesta. Emme mainosta kasinoita, joilla pelaajat kokevat normaalia enemm\u00e4n ongelmatilanteita.\" \/>\n<meta property=\"og:url\" content=\"https:\/\/slotsband.com\/fi\/ota-yhteytta\/\" \/>\n<meta property=\"og:site_name\" content=\"SlotsBand.com Suomi\" \/>\n<meta property=\"article:modified_time\" content=\"2025-11-12T18:49:59+00:00\" \/>\n<meta name=\"twitter:card\" content=\"summary_large_image\" \/>\n<meta name=\"twitter:label1\" content=\"Arvioitu lukuaika\" \/>\n\t<meta name=\"twitter:data1\" content=\"1 minuutti\" \/>\n<script type=\"application\/ld+json\" class=\"yoast-schema-graph\">{\"@context\":\"https:\/\/schema.org\",\"@graph\":[{\"@type\":\"WebPage\",\"@id\":\"https:\/\/slotsband.com\/fi\/ota-yhteytta\/\",\"url\":\"https:\/\/slotsband.com\/fi\/ota-yhteytta\/\",\"name\":\"Ota yhteytt\u00e4 - SlotsBand.com Suomi\",\"isPartOf\":{\"@id\":\"https:\/\/slotsband.com\/fi\/#website\"},\"datePublished\":\"2022-07-27T11:49:15+00:00\",\"dateModified\":\"2025-11-12T18:49:59+00:00\",\"breadcrumb\":{\"@id\":\"https:\/\/slotsband.com\/fi\/ota-yhteytta\/#breadcrumb\"},\"inLanguage\":\"fi\",\"potentialAction\":[{\"@type\":\"ReadAction\",\"target\":[\"https:\/\/slotsband.com\/fi\/ota-yhteytta\/\"]}]},{\"@type\":\"BreadcrumbList\",\"@id\":\"https:\/\/slotsband.com\/fi\/ota-yhteytta\/#breadcrumb\",\"itemListElement\":[{\"@type\":\"ListItem\",\"position\":1,\"name\":\"Etusivu\",\"item\":\"https:\/\/slotsband.com\/fi\/\"},{\"@type\":\"ListItem\",\"position\":2,\"name\":\"Ota yhteytt\u00e4\"}]},{\"@type\":\"WebSite\",\"@id\":\"https:\/\/slotsband.com\/fi\/#website\",\"url\":\"https:\/\/slotsband.com\/fi\/\",\"name\":\"Slotsband.com\",\"description\":\"\",\"publisher\":{\"@id\":\"https:\/\/slotsband.com\/fi\/#organization\"},\"potentialAction\":[{\"@type\":\"SearchAction\",\"target\":{\"@type\":\"EntryPoint\",\"urlTemplate\":\"https:\/\/slotsband.com\/fi\/?s={search_term_string}\"},\"query-input\":\"required name=search_term_string\"}],\"inLanguage\":\"fi\"},{\"@type\":\"Organization\",\"@id\":\"https:\/\/slotsband.com\/fi\/#organization\",\"name\":\"Slotsband.com\",\"url\":\"https:\/\/slotsband.com\/fi\/\",\"logo\":{\"@type\":\"ImageObject\",\"inLanguage\":\"fi\",\"@id\":\"https:\/\/slotsband.com\/fi\/#\/schema\/logo\/image\/\",\"url\":\"https:\/\/slotsband.com\/fi\/wp-content\/uploads\/sites\/3\/2023\/03\/cropped-Logo-Slotsband.png\",\"contentUrl\":\"https:\/\/slotsband.com\/fi\/wp-content\/uploads\/sites\/3\/2023\/03\/cropped-Logo-Slotsband.png\",\"width\":300,\"height\":43,\"caption\":\"Slotsband.com\"},\"image\":{\"@id\":\"https:\/\/slotsband.com\/fi\/#\/schema\/logo\/image\/\"}}]}<\/script>\n<!-- \/ Yoast SEO plugin. -->","yoast_head_json":{"title":"Ota yhteytt\u00e4 - SlotsBand.com Suomi","robots":{"index":"index","follow":"follow","max-snippet":"max-snippet:-1","max-image-preview":"max-image-preview:large","max-video-preview":"max-video-preview:-1"},"canonical":"https:\/\/slotsband.com\/fi\/ota-yhteytta\/","og_locale":"fi_FI","og_type":"article","og_title":"Ota yhteytt\u00e4 - SlotsBand.com Suomi","og_description":"Oheisen yhteydenottolomakkeen kautta voit ottaa meihin yhteytt\u00e4, jos sinulla on kysytt\u00e4v\u00e4\u00e4 esimerkiksi sivustomme toiminnasta. Pyrimme vastaamaan kaikkiin viesteihin mahdollisimman nopeasti. Voit laittaa s\u00e4hk\u00f6postia my\u00f6s suoraan slotsband.com@gmail.com Jos nettikasinon suhteen tulee ongelmia, olethan yhteydess\u00e4 kasinon asiakaspalveluun. Sen j\u00e4lkeen haluamme kuulla my\u00f6s mahdollisesta ongelmatilanteesta. Emme mainosta kasinoita, joilla pelaajat kokevat normaalia enemm\u00e4n ongelmatilanteita.","og_url":"https:\/\/slotsband.com\/fi\/ota-yhteytta\/","og_site_name":"SlotsBand.com Suomi","article_modified_time":"2025-11-12T18:49:59+00:00","twitter_card":"summary_large_image","twitter_misc":{"Arvioitu lukuaika":"1 minuutti"},"schema":{"@context":"https:\/\/schema.org","@graph":[{"@type":"WebPage","@id":"https:\/\/slotsband.com\/fi\/ota-yhteytta\/","url":"https:\/\/slotsband.com\/fi\/ota-yhteytta\/","name":"Ota yhteytt\u00e4 - SlotsBand.com Suomi","isPartOf":{"@id":"https:\/\/slotsband.com\/fi\/#website"},"datePublished":"2022-07-27T11:49:15+00:00","dateModified":"2025-11-12T18:49:59+00:00","breadcrumb":{"@id":"https:\/\/slotsband.com\/fi\/ota-yhteytta\/#breadcrumb"},"inLanguage":"fi","potentialAction":[{"@type":"ReadAction","target":["https:\/\/slotsband.com\/fi\/ota-yhteytta\/"]}]},{"@type":"BreadcrumbList","@id":"https:\/\/slotsband.com\/fi\/ota-yhteytta\/#breadcrumb","itemListElement":[{"@type":"ListItem","position":1,"name":"Etusivu","item":"https:\/\/slotsband.com\/fi\/"},{"@type":"ListItem","position":2,"name":"Ota yhteytt\u00e4"}]},{"@type":"WebSite","@id":"https:\/\/slotsband.com\/fi\/#website","url":"https:\/\/slotsband.com\/fi\/","name":"Slotsband.com","description":"","publisher":{"@id":"https:\/\/slotsband.com\/fi\/#organization"},"potentialAction":[{"@type":"SearchAction","target":{"@type":"EntryPoint","urlTemplate":"https:\/\/slotsband.com\/fi\/?s={search_term_string}"},"query-input":"required name=search_term_string"}],"inLanguage":"fi"},{"@type":"Organization","@id":"https:\/\/slotsband.com\/fi\/#organization","name":"Slotsband.com","url":"https:\/\/slotsband.com\/fi\/","logo":{"@type":"ImageObject","inLanguage":"fi","@id":"https:\/\/slotsband.com\/fi\/#\/schema\/logo\/image\/","url":"https:\/\/slotsband.com\/fi\/wp-content\/uploads\/sites\/3\/2023\/03\/cropped-Logo-Slotsband.png","contentUrl":"https:\/\/slotsband.com\/fi\/wp-content\/uploads\/sites\/3\/2023\/03\/cropped-Logo-Slotsband.png","width":300,"height":43,"caption":"Slotsband.com"},"image":{"@id":"https:\/\/slotsband.com\/fi\/#\/schema\/logo\/image\/"}}]}},"_links":{"self":[{"href":"https:\/\/slotsband.com\/fi\/wp-json\/wp\/v2\/pages\/644","targetHints":{"allow":["GET"]}}],"collection":[{"href":"https:\/\/slotsband.com\/fi\/wp-json\/wp\/v2\/pages"}],"about":[{"href":"https:\/\/slotsband.com\/fi\/wp-json\/wp\/v2\/types\/page"}],"author":[{"embeddable":true,"href":"https:\/\/slotsband.com\/fi\/wp-json\/wp\/v2\/users\/1"}],"replies":[{"embeddable":true,"href":"https:\/\/slotsband.com\/fi\/wp-json\/wp\/v2\/comments?post=644"}],"version-history":[{"count":7,"href":"https:\/\/slotsband.com\/fi\/wp-json\/wp\/v2\/pages\/644\/revisions"}],"predecessor-version":[{"id":10939,"href":"https:\/\/slotsband.com\/fi\/wp-json\/wp\/v2\/pages\/644\/revisions\/10939"}],"wp:attachment":[{"href":"https:\/\/slotsband.com\/fi\/wp-json\/wp\/v2\/media?parent=644"}],"curies":[{"name":"wp","href":"https:\/\/api.w.org\/{rel}","templated":true}]}}